{"id":55,"date":"2021-09-09T10:01:03","date_gmt":"2021-09-09T10:01:03","guid":{"rendered":"https:\/\/miamilegalfirm.com\/?page_id=55"},"modified":"2024-07-23T06:22:16","modified_gmt":"2024-07-23T06:22:16","slug":"home","status":"publish","type":"page","link":"https:\/\/miamilegalfirm.com\/es\/","title":{"rendered":"Inicio"},"content":{"rendered":"","protected":false},"excerpt":{"rendered":"","protected":false},"author":1,"featured_media":0,"parent":0,"menu_order":0,"comment_status":"closed","ping_status":"closed","template":"","meta":{"footnotes":""},"class_list":["post-55","page","type-page","status-publish","hentry"],"acf":[],"yoast_head":"<!-- This site is optimized with the Yoast SEO plugin v26.5 - https:\/\/yoast.com\/wordpress\/plugins\/seo\/ -->\n<title>abogada Accidentes Miami abogado Accidentes en Miami | Miami Legal Firm<\/title>\n<meta name=\"description\" content=\"Accidentes Automovil\u00edsticos, Accidentes De Motocicleta, Muerte Por Negligencia, Resbalones Y Ca\u00eddas, Accidentes De Bicicletas, Accidentes De Camiones, Lesiones Catastr\u00f3ficas, Mordeduras De Perro, Compensaci\u00f3n A Trabajadores en Miami CONTACTO 305.265.2266\" \/>\n<meta name=\"robots\" content=\"index, follow, max-snippet:-1, max-image-preview:large, max-video-preview:-1\" \/>\n<link rel=\"canonical\" href=\"https:\/\/miamilegalfirm.com\/es\/\" \/>\n<meta property=\"og:locale\" content=\"es_ES\" \/>\n<meta property=\"og:type\" content=\"article\" \/>\n<meta property=\"og:title\" content=\"Top-Rated Best Trusted Award-Winning Accident Attorney Miami Accident Lawyer Miami | Miami Legal Firm\" \/>\n<meta property=\"og:description\" content=\"Needed Urgently Call 305-265-2266 Miami Lawyer Attorney Experienced With A Proven Track Record for Immediate Hire Help Near Me Free Consultation Emergency Legal Help For Car Accidents, Bicycle Bike Accident, Hit &amp; Run, Trucking Truck Motorcycle Accident Catastrophic injuries, Personal Injury Protection, Dog bites, Workers Compensation, Slip &amp; Fall, Wrongful Death Fast Urgent Help in Miami Florida FL\" \/>\n<meta property=\"og:url\" content=\"https:\/\/miamilegalfirm.com\/es\/\" \/>\n<meta property=\"og:site_name\" content=\"Miami Legal Firm\" \/>\n<meta property=\"article:modified_time\" content=\"2024-07-23T06:22:16+00:00\" \/>\n<meta name=\"twitter:card\" content=\"summary_large_image\" \/>\n<script type=\"application\/ld+json\" class=\"yoast-schema-graph\">{\"@context\":\"https:\/\/schema.org\",\"@graph\":[{\"@type\":\"WebPage\",\"@id\":\"https:\/\/miamilegalfirm.com\/\",\"url\":\"https:\/\/miamilegalfirm.com\/\",\"name\":\"Top-Rated Best Trusted Award-Winning Accident Attorney Miami Accident Lawyer Miami | Miami Legal Firm\",\"isPartOf\":{\"@id\":\"https:\/\/miamilegalfirm.com\/en\/#website\"},\"datePublished\":\"2021-09-09T10:01:03+00:00\",\"dateModified\":\"2024-07-23T06:22:16+00:00\",\"description\":\"Needed Urgently Call 305-265-2266 Miami Lawyer Attorney Experienced With A Proven Track Record for Immediate Hire Help Near Me Free Consultation Emergency Legal Help For Car Accidents, Bicycle Bike Accident, Hit & Run, Trucking Truck Motorcycle Accident Catastrophic injuries, Personal Injury Protection, Dog bites, Workers Compensation, Slip & Fall, Wrongful Death Fast Urgent Help in Miami Florida FL\",\"breadcrumb\":{\"@id\":\"https:\/\/miamilegalfirm.com\/#breadcrumb\"},\"inLanguage\":\"es\",\"potentialAction\":[{\"@type\":\"ReadAction\",\"target\":[\"https:\/\/miamilegalfirm.com\/\"]}]},{\"@type\":\"BreadcrumbList\",\"@id\":\"https:\/\/miamilegalfirm.com\/#breadcrumb\",\"itemListElement\":[{\"@type\":\"ListItem\",\"position\":1,\"name\":\"Home\",\"item\":\"https:\/\/miamilegalfirm.com\/\"},{\"@type\":\"ListItem\",\"position\":2,\"name\":\"Home\"}]},{\"@type\":\"WebSite\",\"@id\":\"https:\/\/miamilegalfirm.com\/en\/#website\",\"url\":\"https:\/\/miamilegalfirm.com\/en\/\",\"name\":\"Miami Legal Firm\",\"description\":\"\",\"publisher\":{\"@id\":\"https:\/\/miamilegalfirm.com\/en\/#organization\"},\"potentialAction\":[{\"@type\":\"SearchAction\",\"target\":{\"@type\":\"EntryPoint\",\"urlTemplate\":\"https:\/\/miamilegalfirm.com\/en\/?s={search_term_string}\"},\"query-input\":{\"@type\":\"PropertyValueSpecification\",\"valueRequired\":true,\"valueName\":\"search_term_string\"}}],\"inLanguage\":\"es\"},{\"@type\":\"Organization\",\"@id\":\"https:\/\/miamilegalfirm.com\/en\/#organization\",\"name\":\"Miami Legal Firm\",\"url\":\"https:\/\/miamilegalfirm.com\/en\/\",\"logo\":{\"@type\":\"ImageObject\",\"inLanguage\":\"es\",\"@id\":\"https:\/\/miamilegalfirm.com\/en\/#\/schema\/logo\/image\/\",\"url\":\"https:\/\/miamilegalfirm.com\/wp-content\/uploads\/2021\/09\/logo.png\",\"contentUrl\":\"https:\/\/miamilegalfirm.com\/wp-content\/uploads\/2021\/09\/logo.png\",\"width\":324,\"height\":47,\"caption\":\"Miami Legal Firm\"},\"image\":{\"@id\":\"https:\/\/miamilegalfirm.com\/en\/#\/schema\/logo\/image\/\"}}]}<\/script>\n<!-- \/ Yoast SEO plugin. -->","yoast_head_json":{"title":"abogada Accidentes Miami abogado Accidentes en Miami | Miami Legal Firm","description":"Accidentes Automovil\u00edsticos, Accidentes De Motocicleta, Muerte Por Negligencia, Resbalones Y Ca\u00eddas, Accidentes De Bicicletas, Accidentes De Camiones, Lesiones Catastr\u00f3ficas, Mordeduras De Perro, Compensaci\u00f3n A Trabajadores en Miami CONTACTO 305.265.2266","robots":{"index":"index","follow":"follow","max-snippet":"max-snippet:-1","max-image-preview":"max-image-preview:large","max-video-preview":"max-video-preview:-1"},"canonical":"https:\/\/miamilegalfirm.com\/es\/","og_locale":"es_ES","og_type":"article","og_title":"Top-Rated Best Trusted Award-Winning Accident Attorney Miami Accident Lawyer Miami | Miami Legal Firm","og_description":"Needed Urgently Call 305-265-2266 Miami Lawyer Attorney Experienced With A Proven Track Record for Immediate Hire Help Near Me Free Consultation Emergency Legal Help For Car Accidents, Bicycle Bike Accident, Hit & Run, Trucking Truck Motorcycle Accident Catastrophic injuries, Personal Injury Protection, Dog bites, Workers Compensation, Slip & Fall, Wrongful Death Fast Urgent Help in Miami Florida FL","og_url":"https:\/\/miamilegalfirm.com\/es\/","og_site_name":"Miami Legal Firm","article_modified_time":"2024-07-23T06:22:16+00:00","twitter_card":"summary_large_image","schema":{"@context":"https:\/\/schema.org","@graph":[{"@type":"WebPage","@id":"https:\/\/miamilegalfirm.com\/","url":"https:\/\/miamilegalfirm.com\/","name":"Top-Rated Best Trusted Award-Winning Accident Attorney Miami Accident Lawyer Miami | Miami Legal Firm","isPartOf":{"@id":"https:\/\/miamilegalfirm.com\/en\/#website"},"datePublished":"2021-09-09T10:01:03+00:00","dateModified":"2024-07-23T06:22:16+00:00","description":"Needed Urgently Call 305-265-2266 Miami Lawyer Attorney Experienced With A Proven Track Record for Immediate Hire Help Near Me Free Consultation Emergency Legal Help For Car Accidents, Bicycle Bike Accident, Hit & Run, Trucking Truck Motorcycle Accident Catastrophic injuries, Personal Injury Protection, Dog bites, Workers Compensation, Slip & Fall, Wrongful Death Fast Urgent Help in Miami Florida FL","breadcrumb":{"@id":"https:\/\/miamilegalfirm.com\/#breadcrumb"},"inLanguage":"es","potentialAction":[{"@type":"ReadAction","target":["https:\/\/miamilegalfirm.com\/"]}]},{"@type":"BreadcrumbList","@id":"https:\/\/miamilegalfirm.com\/#breadcrumb","itemListElement":[{"@type":"ListItem","position":1,"name":"Home","item":"https:\/\/miamilegalfirm.com\/"},{"@type":"ListItem","position":2,"name":"Home"}]},{"@type":"WebSite","@id":"https:\/\/miamilegalfirm.com\/en\/#website","url":"https:\/\/miamilegalfirm.com\/en\/","name":"Miami Legal Firm","description":"","publisher":{"@id":"https:\/\/miamilegalfirm.com\/en\/#organization"},"potentialAction":[{"@type":"SearchAction","target":{"@type":"EntryPoint","urlTemplate":"https:\/\/miamilegalfirm.com\/en\/?s={search_term_string}"},"query-input":{"@type":"PropertyValueSpecification","valueRequired":true,"valueName":"search_term_string"}}],"inLanguage":"es"},{"@type":"Organization","@id":"https:\/\/miamilegalfirm.com\/en\/#organization","name":"Miami Legal Firm","url":"https:\/\/miamilegalfirm.com\/en\/","logo":{"@type":"ImageObject","inLanguage":"es","@id":"https:\/\/miamilegalfirm.com\/en\/#\/schema\/logo\/image\/","url":"https:\/\/miamilegalfirm.com\/wp-content\/uploads\/2021\/09\/logo.png","contentUrl":"https:\/\/miamilegalfirm.com\/wp-content\/uploads\/2021\/09\/logo.png","width":324,"height":47,"caption":"Miami Legal Firm"},"image":{"@id":"https:\/\/miamilegalfirm.com\/en\/#\/schema\/logo\/image\/"}}]}},"post_mailing_queue_ids":[],"_links":{"self":[{"href":"https:\/\/miamilegalfirm.com\/es\/wp-json\/wp\/v2\/pages\/55","targetHints":{"allow":["GET"]}}],"collection":[{"href":"https:\/\/miamilegalfirm.com\/es\/wp-json\/wp\/v2\/pages"}],"about":[{"href":"https:\/\/miamilegalfirm.com\/es\/wp-json\/wp\/v2\/types\/page"}],"author":[{"embeddable":true,"href":"https:\/\/miamilegalfirm.com\/es\/wp-json\/wp\/v2\/users\/1"}],"replies":[{"embeddable":true,"href":"https:\/\/miamilegalfirm.com\/es\/wp-json\/wp\/v2\/comments?post=55"}],"version-history":[{"count":0,"href":"https:\/\/miamilegalfirm.com\/es\/wp-json\/wp\/v2\/pages\/55\/revisions"}],"wp:attachment":[{"href":"https:\/\/miamilegalfirm.com\/es\/wp-json\/wp\/v2\/media?parent=55"}],"curies":[{"name":"wp","href":"https:\/\/api.w.org\/{rel}","templated":true}]}}